{"id":48,"date":"2025-06-02T13:18:29","date_gmt":"2025-06-02T13:18:29","guid":{"rendered":"https:\/\/www.finostra-capital.eu\/?page_id=48"},"modified":"2025-06-23T20:27:25","modified_gmt":"2025-06-23T20:27:25","slug":"contact","status":"publish","type":"page","link":"https:\/\/www.finostra-capital.eu\/fr\/contact\/","title":{"rendered":"Contact"},"content":{"rendered":"<div data-elementor-type=\"wp-page\" data-elementor-id=\"48\" class=\"elementor elementor-48\" data-elementor-post-type=\"page\">\n\t\t\t\t<div class=\"elementor-element elementor-element-1cf7f4bf e-flex e-con-boxed e-con e-parent\" data-id=\"1cf7f4bf\" data-element_type=\"container\" data-settings=\"{&quot;background_background&quot;:&quot;gradient&quot;}\">\n\t\t\t\t\t<div class=\"e-con-inner\">\n\t\t\t\t<div class=\"elementor-element elementor-element-22ce7599 elementor-widget elementor-widget-heading\" data-id=\"22ce7599\" data-element_type=\"widget\" data-widget_type=\"heading.default\">\n\t\t\t\t<div class=\"elementor-widget-container\">\n\t\t\t\t\t<h1 class=\"elementor-heading-title elementor-size-default\">Contactez-nous<\/h1>\t\t\t\t<\/div>\n\t\t\t\t<\/div>\n\t\t\t\t\t<\/div>\n\t\t\t\t<\/div>\n\t\t<div class=\"elementor-element elementor-element-b091e11 e-con-full e-flex e-con e-parent\" data-id=\"b091e11\" data-element_type=\"container\" data-settings=\"{&quot;background_background&quot;:&quot;classic&quot;}\">\n\t\t\t\t<div class=\"elementor-element elementor-element-6c733fd elementor-widget__width-inherit elementor-widget elementor-widget-qi_addons_for_elementor_text_marquee\" data-id=\"6c733fd\" data-element_type=\"widget\" data-widget_type=\"qi_addons_for_elementor_text_marquee.default\">\n\t\t\t\t<div class=\"elementor-widget-container\">\n\t\t\t\t\t<div class=\"qodef-shortcode qodef-m qodef-qi-text-marquee qodef-layout--default\">\n\t<div class=\"qodef-m-content\">\n\t\t<div class=\"qodef-m-text qodef-text--original\">\n\t\t\t\t\t\t\t<span class=\"qodef-m-text-item elementor-repeater-item-2d470cb\" >Finostra Capital<\/span>\n\t\t\t\t<span class=\"qodef-e-icon-holder\">\n\t<svg aria-hidden=\"true\" class=\"e-font-icon-svg e-fas-star-of-life\" viewbox=\"0 0 480 512\" xmlns=\"http:\/\/www.w3.org\/2000\/svg\"><path d=\"M471.99 334.43L336.06 256l135.93-78.43c7.66-4.42 10.28-14.2 5.86-21.86l-32.02-55.43c-4.42-7.65-14.21-10.28-21.87-5.86l-135.93 78.43V16c0-8.84-7.17-16-16.01-16h-64.04c-8.84 0-16.01 7.16-16.01 16v156.86L56.04 94.43c-7.66-4.42-17.45-1.79-21.87 5.86L2.15 155.71c-4.42 7.65-1.8 17.44 5.86 21.86L143.94 256 8.01 334.43c-7.66 4.42-10.28 14.21-5.86 21.86l32.02 55.43c4.42 7.65 14.21 10.27 21.87 5.86l135.93-78.43V496c0 8.84 7.17 16 16.01 16h64.04c8.84 0 16.01-7.16 16.01-16V339.14l135.93 78.43c7.66 4.42 17.45 1.8 21.87-5.86l32.02-55.43c4.42-7.65 1.8-17.43-5.86-21.85z\"><\/path><\/svg><\/span>\n\t\t\t\t\t\t\t<span class=\"qodef-m-text-item elementor-repeater-item-aacaacd\" >Finostra Capital<\/span>\n\t\t\t\t<span class=\"qodef-e-icon-holder\">\n\t<svg aria-hidden=\"true\" class=\"e-font-icon-svg e-fas-star-of-life\" viewbox=\"0 0 480 512\" xmlns=\"http:\/\/www.w3.org\/2000\/svg\"><path d=\"M471.99 334.43L336.06 256l135.93-78.43c7.66-4.42 10.28-14.2 5.86-21.86l-32.02-55.43c-4.42-7.65-14.21-10.28-21.87-5.86l-135.93 78.43V16c0-8.84-7.17-16-16.01-16h-64.04c-8.84 0-16.01 7.16-16.01 16v156.86L56.04 94.43c-7.66-4.42-17.45-1.79-21.87 5.86L2.15 155.71c-4.42 7.65-1.8 17.44 5.86 21.86L143.94 256 8.01 334.43c-7.66 4.42-10.28 14.21-5.86 21.86l32.02 55.43c4.42 7.65 14.21 10.27 21.87 5.86l135.93-78.43V496c0 8.84 7.17 16 16.01 16h64.04c8.84 0 16.01-7.16 16.01-16V339.14l135.93 78.43c7.66 4.42 17.45 1.8 21.87-5.86l32.02-55.43c4.42-7.65 1.8-17.43-5.86-21.85z\"><\/path><\/svg><\/span>\n\t\t\t\t\t\t\t<span class=\"qodef-m-text-item elementor-repeater-item-e650256\" >Finostra Capital<\/span>\n\t\t\t\t<span class=\"qodef-e-icon-holder\">\n\t<svg aria-hidden=\"true\" class=\"e-font-icon-svg e-fas-star-of-life\" viewbox=\"0 0 480 512\" xmlns=\"http:\/\/www.w3.org\/2000\/svg\"><path d=\"M471.99 334.43L336.06 256l135.93-78.43c7.66-4.42 10.28-14.2 5.86-21.86l-32.02-55.43c-4.42-7.65-14.21-10.28-21.87-5.86l-135.93 78.43V16c0-8.84-7.17-16-16.01-16h-64.04c-8.84 0-16.01 7.16-16.01 16v156.86L56.04 94.43c-7.66-4.42-17.45-1.79-21.87 5.86L2.15 155.71c-4.42 7.65-1.8 17.44 5.86 21.86L143.94 256 8.01 334.43c-7.66 4.42-10.28 14.21-5.86 21.86l32.02 55.43c4.42 7.65 14.21 10.27 21.87 5.86l135.93-78.43V496c0 8.84 7.17 16 16.01 16h64.04c8.84 0 16.01-7.16 16.01-16V339.14l135.93 78.43c7.66 4.42 17.45 1.8 21.87-5.86l32.02-55.43c4.42-7.65 1.8-17.43-5.86-21.85z\"><\/path><\/svg><\/span>\n\t\t\t\t\t\t\t<span class=\"qodef-m-text-item elementor-repeater-item-aaa757c\" >Finostra Capital<\/span>\n\t\t\t\t<span class=\"qodef-e-icon-holder\">\n\t<svg aria-hidden=\"true\" class=\"e-font-icon-svg e-fas-star-of-life\" viewbox=\"0 0 480 512\" xmlns=\"http:\/\/www.w3.org\/2000\/svg\"><path d=\"M471.99 334.43L336.06 256l135.93-78.43c7.66-4.42 10.28-14.2 5.86-21.86l-32.02-55.43c-4.42-7.65-14.21-10.28-21.87-5.86l-135.93 78.43V16c0-8.84-7.17-16-16.01-16h-64.04c-8.84 0-16.01 7.16-16.01 16v156.86L56.04 94.43c-7.66-4.42-17.45-1.79-21.87 5.86L2.15 155.71c-4.42 7.65-1.8 17.44 5.86 21.86L143.94 256 8.01 334.43c-7.66 4.42-10.28 14.21-5.86 21.86l32.02 55.43c4.42 7.65 14.21 10.27 21.87 5.86l135.93-78.43V496c0 8.84 7.17 16 16.01 16h64.04c8.84 0 16.01-7.16 16.01-16V339.14l135.93 78.43c7.66 4.42 17.45 1.8 21.87-5.86l32.02-55.43c4.42-7.65 1.8-17.43-5.86-21.85z\"><\/path><\/svg><\/span>\n\t\t\t\t\t\t\t<span class=\"qodef-m-text-item elementor-repeater-item-b660a7f\" >Finostra Capital<\/span>\n\t\t\t\t<span class=\"qodef-e-icon-holder\">\n\t<svg aria-hidden=\"true\" class=\"e-font-icon-svg e-fas-star-of-life\" viewbox=\"0 0 480 512\" xmlns=\"http:\/\/www.w3.org\/2000\/svg\"><path d=\"M471.99 334.43L336.06 256l135.93-78.43c7.66-4.42 10.28-14.2 5.86-21.86l-32.02-55.43c-4.42-7.65-14.21-10.28-21.87-5.86l-135.93 78.43V16c0-8.84-7.17-16-16.01-16h-64.04c-8.84 0-16.01 7.16-16.01 16v156.86L56.04 94.43c-7.66-4.42-17.45-1.79-21.87 5.86L2.15 155.71c-4.42 7.65-1.8 17.44 5.86 21.86L143.94 256 8.01 334.43c-7.66 4.42-10.28 14.21-5.86 21.86l32.02 55.43c4.42 7.65 14.21 10.27 21.87 5.86l135.93-78.43V496c0 8.84 7.17 16 16.01 16h64.04c8.84 0 16.01-7.16 16.01-16V339.14l135.93 78.43c7.66 4.42 17.45 1.8 21.87-5.86l32.02-55.43c4.42-7.65 1.8-17.43-5.86-21.85z\"><\/path><\/svg><\/span>\n\t\t\t\t\t<\/div>\n\t\t<div class=\"qodef-m-text qodef-text--copy\">\n\t\t\t\t\t\t\t<span class=\"qodef-m-text-item elementor-repeater-item-2d470cb\" >Finostra Capital<\/span>\n\t\t\t\t<span class=\"qodef-e-icon-holder\">\n\t<svg aria-hidden=\"true\" class=\"e-font-icon-svg e-fas-star-of-life\" viewbox=\"0 0 480 512\" xmlns=\"http:\/\/www.w3.org\/2000\/svg\"><path d=\"M471.99 334.43L336.06 256l135.93-78.43c7.66-4.42 10.28-14.2 5.86-21.86l-32.02-55.43c-4.42-7.65-14.21-10.28-21.87-5.86l-135.93 78.43V16c0-8.84-7.17-16-16.01-16h-64.04c-8.84 0-16.01 7.16-16.01 16v156.86L56.04 94.43c-7.66-4.42-17.45-1.79-21.87 5.86L2.15 155.71c-4.42 7.65-1.8 17.44 5.86 21.86L143.94 256 8.01 334.43c-7.66 4.42-10.28 14.21-5.86 21.86l32.02 55.43c4.42 7.65 14.21 10.27 21.87 5.86l135.93-78.43V496c0 8.84 7.17 16 16.01 16h64.04c8.84 0 16.01-7.16 16.01-16V339.14l135.93 78.43c7.66 4.42 17.45 1.8 21.87-5.86l32.02-55.43c4.42-7.65 1.8-17.43-5.86-21.85z\"><\/path><\/svg><\/span>\n\t\t\t\t\t\t\t<span class=\"qodef-m-text-item elementor-repeater-item-aacaacd\" >Finostra Capital<\/span>\n\t\t\t\t<span class=\"qodef-e-icon-holder\">\n\t<svg aria-hidden=\"true\" class=\"e-font-icon-svg e-fas-star-of-life\" viewbox=\"0 0 480 512\" xmlns=\"http:\/\/www.w3.org\/2000\/svg\"><path d=\"M471.99 334.43L336.06 256l135.93-78.43c7.66-4.42 10.28-14.2 5.86-21.86l-32.02-55.43c-4.42-7.65-14.21-10.28-21.87-5.86l-135.93 78.43V16c0-8.84-7.17-16-16.01-16h-64.04c-8.84 0-16.01 7.16-16.01 16v156.86L56.04 94.43c-7.66-4.42-17.45-1.79-21.87 5.86L2.15 155.71c-4.42 7.65-1.8 17.44 5.86 21.86L143.94 256 8.01 334.43c-7.66 4.42-10.28 14.21-5.86 21.86l32.02 55.43c4.42 7.65 14.21 10.27 21.87 5.86l135.93-78.43V496c0 8.84 7.17 16 16.01 16h64.04c8.84 0 16.01-7.16 16.01-16V339.14l135.93 78.43c7.66 4.42 17.45 1.8 21.87-5.86l32.02-55.43c4.42-7.65 1.8-17.43-5.86-21.85z\"><\/path><\/svg><\/span>\n\t\t\t\t\t\t\t<span class=\"qodef-m-text-item elementor-repeater-item-e650256\" >Finostra Capital<\/span>\n\t\t\t\t<span class=\"qodef-e-icon-holder\">\n\t<svg aria-hidden=\"true\" class=\"e-font-icon-svg e-fas-star-of-life\" viewbox=\"0 0 480 512\" xmlns=\"http:\/\/www.w3.org\/2000\/svg\"><path d=\"M471.99 334.43L336.06 256l135.93-78.43c7.66-4.42 10.28-14.2 5.86-21.86l-32.02-55.43c-4.42-7.65-14.21-10.28-21.87-5.86l-135.93 78.43V16c0-8.84-7.17-16-16.01-16h-64.04c-8.84 0-16.01 7.16-16.01 16v156.86L56.04 94.43c-7.66-4.42-17.45-1.79-21.87 5.86L2.15 155.71c-4.42 7.65-1.8 17.44 5.86 21.86L143.94 256 8.01 334.43c-7.66 4.42-10.28 14.21-5.86 21.86l32.02 55.43c4.42 7.65 14.21 10.27 21.87 5.86l135.93-78.43V496c0 8.84 7.17 16 16.01 16h64.04c8.84 0 16.01-7.16 16.01-16V339.14l135.93 78.43c7.66 4.42 17.45 1.8 21.87-5.86l32.02-55.43c4.42-7.65 1.8-17.43-5.86-21.85z\"><\/path><\/svg><\/span>\n\t\t\t\t\t\t\t<span class=\"qodef-m-text-item elementor-repeater-item-aaa757c\" >Finostra Capital<\/span>\n\t\t\t\t<span class=\"qodef-e-icon-holder\">\n\t<svg aria-hidden=\"true\" class=\"e-font-icon-svg e-fas-star-of-life\" viewbox=\"0 0 480 512\" xmlns=\"http:\/\/www.w3.org\/2000\/svg\"><path d=\"M471.99 334.43L336.06 256l135.93-78.43c7.66-4.42 10.28-14.2 5.86-21.86l-32.02-55.43c-4.42-7.65-14.21-10.28-21.87-5.86l-135.93 78.43V16c0-8.84-7.17-16-16.01-16h-64.04c-8.84 0-16.01 7.16-16.01 16v156.86L56.04 94.43c-7.66-4.42-17.45-1.79-21.87 5.86L2.15 155.71c-4.42 7.65-1.8 17.44 5.86 21.86L143.94 256 8.01 334.43c-7.66 4.42-10.28 14.21-5.86 21.86l32.02 55.43c4.42 7.65 14.21 10.27 21.87 5.86l135.93-78.43V496c0 8.84 7.17 16 16.01 16h64.04c8.84 0 16.01-7.16 16.01-16V339.14l135.93 78.43c7.66 4.42 17.45 1.8 21.87-5.86l32.02-55.43c4.42-7.65 1.8-17.43-5.86-21.85z\"><\/path><\/svg><\/span>\n\t\t\t\t\t\t\t<span class=\"qodef-m-text-item elementor-repeater-item-b660a7f\" >Finostra Capital<\/span>\n\t\t\t\t<span class=\"qodef-e-icon-holder\">\n\t<svg aria-hidden=\"true\" class=\"e-font-icon-svg e-fas-star-of-life\" viewbox=\"0 0 480 512\" xmlns=\"http:\/\/www.w3.org\/2000\/svg\"><path d=\"M471.99 334.43L336.06 256l135.93-78.43c7.66-4.42 10.28-14.2 5.86-21.86l-32.02-55.43c-4.42-7.65-14.21-10.28-21.87-5.86l-135.93 78.43V16c0-8.84-7.17-16-16.01-16h-64.04c-8.84 0-16.01 7.16-16.01 16v156.86L56.04 94.43c-7.66-4.42-17.45-1.79-21.87 5.86L2.15 155.71c-4.42 7.65-1.8 17.44 5.86 21.86L143.94 256 8.01 334.43c-7.66 4.42-10.28 14.21-5.86 21.86l32.02 55.43c4.42 7.65 14.21 10.27 21.87 5.86l135.93-78.43V496c0 8.84 7.17 16 16.01 16h64.04c8.84 0 16.01-7.16 16.01-16V339.14l135.93 78.43c7.66 4.42 17.45 1.8 21.87-5.86l32.02-55.43c4.42-7.65 1.8-17.43-5.86-21.85z\"><\/path><\/svg><\/span>\n\t\t\t\t\t<\/div>\n\t<\/div>\n<\/div>\n\t\t\t\t<\/div>\n\t\t\t\t<\/div>\n\t\t\t\t<\/div>\n\t\t<div class=\"elementor-element elementor-element-45549a44 e-flex e-con-boxed e-con e-parent\" data-id=\"45549a44\" data-element_type=\"container\">\n\t\t\t\t\t<div class=\"e-con-inner\">\n\t\t<div class=\"elementor-element elementor-element-69d32412 e-con-full e-flex e-con e-child\" data-id=\"69d32412\" data-element_type=\"container\">\n\t\t<div class=\"elementor-element elementor-element-7344092a e-con-full e-flex e-con e-child\" data-id=\"7344092a\" data-element_type=\"container\">\n\t\t<div class=\"elementor-element elementor-element-16d59c78 e-con-full elementor-hidden-tablet e-flex e-con e-child\" data-id=\"16d59c78\" data-element_type=\"container\" data-settings=\"{&quot;background_background&quot;:&quot;classic&quot;}\">\n\t\t\t\t<div class=\"elementor-element elementor-element-5ca0a908 elementor-widget elementor-widget-heading\" data-id=\"5ca0a908\" data-element_type=\"widget\" data-widget_type=\"heading.default\">\n\t\t\t\t<div class=\"elementor-widget-container\">\n\t\t\t\t\t<h4 class=\"elementor-heading-title elementor-size-default\">N'h\u00e9sitez pas \u00e0 contacter Finostra Capital<\/h4>\t\t\t\t<\/div>\n\t\t\t\t<\/div>\n\t\t\t\t<\/div>\n\t\t<div class=\"elementor-element elementor-element-1f2f28fc e-con-full e-flex e-con e-child\" data-id=\"1f2f28fc\" data-element_type=\"container\" data-settings=\"{&quot;background_background&quot;:&quot;gradient&quot;}\">\n\t\t<div class=\"elementor-element elementor-element-671a9d91 e-con-full e-flex e-con e-child\" data-id=\"671a9d91\" data-element_type=\"container\" data-settings=\"{&quot;background_background&quot;:&quot;classic&quot;}\">\n\t\t\t\t<div class=\"elementor-element elementor-element-681da0f elementor-view-stacked elementor-shape-circle elementor-widget elementor-widget-icon\" data-id=\"681da0f\" data-element_type=\"widget\" data-widget_type=\"icon.default\">\n\t\t\t\t<div class=\"elementor-widget-container\">\n\t\t\t\t\t\t\t<div class=\"elementor-icon-wrapper\">\n\t\t\t<div class=\"elementor-icon\">\n\t\t\t<svg aria-hidden=\"true\" class=\"e-font-icon-svg e-fas-envelope\" viewbox=\"0 0 512 512\" xmlns=\"http:\/\/www.w3.org\/2000\/svg\"><path d=\"M502.3 190.8c3.9-3.1 9.7-.2 9.7 4.7V400c0 26.5-21.5 48-48 48H48c-26.5 0-48-21.5-48-48V195.6c0-5 5.7-7.8 9.7-4.7 22.4 17.4 52.1 39.5 154.1 113.6 21.1 15.4 56.7 47.8 92.2 47.6 35.7.3 72-32.8 92.3-47.6 102-74.1 131.6-96.3 154-113.7zM256 320c23.2.4 56.6-29.2 73.4-41.4 132.7-96.3 142.8-104.7 173.4-128.7 5.8-4.5 9.2-11.5 9.2-18.9v-19c0-26.5-21.5-48-48-48H48C21.5 64 0 85.5 0 112v19c0 7.4 3.4 14.3 9.2 18.9 30.6 23.9 40.7 32.4 173.4 128.7 16.8 12.2 50.2 41.8 73.4 41.4z\"><\/path><\/svg>\t\t\t<\/div>\n\t\t<\/div>\n\t\t\t\t\t\t<\/div>\n\t\t\t\t<\/div>\n\t\t\t\t<div class=\"elementor-element elementor-element-4c234475 elementor-widget elementor-widget-heading\" data-id=\"4c234475\" data-element_type=\"widget\" data-widget_type=\"heading.default\">\n\t\t\t\t<div class=\"elementor-widget-container\">\n\t\t\t\t\t<h4 class=\"elementor-heading-title elementor-size-default\">adresse email<\/h4>\t\t\t\t<\/div>\n\t\t\t\t<\/div>\n\t\t\t\t<div class=\"elementor-element elementor-element-7a296d31 elementor-icon-list--layout-traditional elementor-list-item-link-full_width elementor-widget elementor-widget-icon-list\" data-id=\"7a296d31\" data-element_type=\"widget\" data-widget_type=\"icon-list.default\">\n\t\t\t\t<div class=\"elementor-widget-container\">\n\t\t\t\t\t\t\t<ul class=\"elementor-icon-list-items\">\n\t\t\t\t\t\t\t<li class=\"elementor-icon-list-item\">\n\t\t\t\t\t\t\t\t\t\t\t<a href=\"mailto:contact@finostra-capital.eu\">\n\n\t\t\t\t\t\t\t\t\t\t\t\t<span class=\"elementor-icon-list-icon\">\n\t\t\t\t\t\t\t<svg aria-hidden=\"true\" class=\"e-font-icon-svg e-fas-arrow-circle-right\" viewbox=\"0 0 512 512\" xmlns=\"http:\/\/www.w3.org\/2000\/svg\"><path d=\"M256 8c137 0 248 111 248 248S393 504 256 504 8 393 8 256 119 8 256 8zm-28.9 143.6l75.5 72.4H120c-13.3 0-24 10.7-24 24v16c0 13.3 10.7 24 24 24h182.6l-75.5 72.4c-9.7 9.3-9.9 24.8-.4 34.3l11 10.9c9.4 9.4 24.6 9.4 33.9 0L404.3 273c9.4-9.4 9.4-24.6 0-33.9L271.6 106.3c-9.4-9.4-24.6-9.4-33.9 0l-11 10.9c-9.5 9.6-9.3 25.1.4 34.4z\"><\/path><\/svg>\t\t\t\t\t\t<\/span>\n\t\t\t\t\t\t\t\t\t\t<span class=\"elementor-icon-list-text\">contact@finostra-capital.eu<\/span>\n\t\t\t\t\t\t\t\t\t\t\t<\/a>\n\t\t\t\t\t\t\t\t\t<\/li>\n\t\t\t\t\t\t<\/ul>\n\t\t\t\t\t\t<\/div>\n\t\t\t\t<\/div>\n\t\t\t\t<\/div>\n\t\t<div class=\"elementor-element elementor-element-76053701 e-con-full e-flex e-con e-child\" data-id=\"76053701\" data-element_type=\"container\" data-settings=\"{&quot;background_background&quot;:&quot;classic&quot;}\">\n\t\t\t\t<div class=\"elementor-element elementor-element-820d09a elementor-view-stacked elementor-shape-circle elementor-widget elementor-widget-icon\" data-id=\"820d09a\" data-element_type=\"widget\" data-widget_type=\"icon.default\">\n\t\t\t\t<div class=\"elementor-widget-container\">\n\t\t\t\t\t\t\t<div class=\"elementor-icon-wrapper\">\n\t\t\t<div class=\"elementor-icon\">\n\t\t\t<svg aria-hidden=\"true\" class=\"e-font-icon-svg e-fas-map-marker-alt\" viewbox=\"0 0 384 512\" xmlns=\"http:\/\/www.w3.org\/2000\/svg\"><path d=\"M172.268 501.67C26.97 291.031 0 269.413 0 192 0 85.961 85.961 0 192 0s192 85.961 192 192c0 77.413-26.97 99.031-172.268 309.67-9.535 13.774-29.93 13.773-39.464 0zM192 272c44.183 0 80-35.817 80-80s-35.817-80-80-80-80 35.817-80 80 35.817 80 80 80z\"><\/path><\/svg>\t\t\t<\/div>\n\t\t<\/div>\n\t\t\t\t\t\t<\/div>\n\t\t\t\t<\/div>\n\t\t\t\t<div class=\"elementor-element elementor-element-6ac4599c elementor-widget elementor-widget-heading\" data-id=\"6ac4599c\" data-element_type=\"widget\" data-widget_type=\"heading.default\">\n\t\t\t\t<div class=\"elementor-widget-container\">\n\t\t\t\t\t<h4 class=\"elementor-heading-title elementor-size-default\">notre emplacement<\/h4>\t\t\t\t<\/div>\n\t\t\t\t<\/div>\n\t\t\t\t<div class=\"elementor-element elementor-element-d64cd24 elementor-widget elementor-widget-heading\" data-id=\"d64cd24\" data-element_type=\"widget\" data-widget_type=\"heading.default\">\n\t\t\t\t<div class=\"elementor-widget-container\">\n\t\t\t\t\t<p class=\"elementor-heading-title elementor-size-default\">24 rue de l\u2019\u00e9cole \nL-4103 Esch-sur-Alzette<\/p>\t\t\t\t<\/div>\n\t\t\t\t<\/div>\n\t\t\t\t<\/div>\n\t\t\t\t<\/div>\n\t\t\t\t<\/div>\n\t\t\t\t<\/div>\n\t\t\t\t\t<\/div>\n\t\t\t\t<\/div>\n\t\t<div class=\"elementor-element elementor-element-24e7c8d9 elementor-hidden-desktop elementor-hidden-tablet elementor-hidden-mobile e-flex e-con-boxed e-con e-parent\" data-id=\"24e7c8d9\" data-element_type=\"container\">\n\t\t\t\t\t<div class=\"e-con-inner\">\n\t\t<div class=\"elementor-element elementor-element-12543332 e-con-full e-flex e-con e-child\" data-id=\"12543332\" data-element_type=\"container\">\n\t\t\t\t<div class=\"elementor-element elementor-element-20ddbda2 elementor-widget elementor-widget-heading\" data-id=\"20ddbda2\" data-element_type=\"widget\" data-widget_type=\"heading.default\">\n\t\t\t\t<div class=\"elementor-widget-container\">\n\t\t\t\t\t<h2 class=\"elementor-heading-title elementor-size-default\">entrer en contact<\/h2>\t\t\t\t<\/div>\n\t\t\t\t<\/div>\n\t\t\t\t<div class=\"elementor-element elementor-element-1db2459f elementor-widget elementor-widget-heading\" data-id=\"1db2459f\" data-element_type=\"widget\" data-widget_type=\"heading.default\">\n\t\t\t\t<div class=\"elementor-widget-container\">\n\t\t\t\t\t<h2 class=\"elementor-heading-title elementor-size-default\">nous sommes pr\u00eats \u00e0 vous aider<\/h2>\t\t\t\t<\/div>\n\t\t\t\t<\/div>\n\t\t<div class=\"elementor-element elementor-element-64691f95 e-con-full e-flex e-con e-child\" data-id=\"64691f95\" data-element_type=\"container\" data-settings=\"{&quot;background_background&quot;:&quot;classic&quot;}\">\n\t\t\t\t<div class=\"elementor-element elementor-element-13465741 elementor-widget elementor-widget-heading\" data-id=\"13465741\" data-element_type=\"widget\" data-widget_type=\"heading.default\">\n\t\t\t\t<div class=\"elementor-widget-container\">\n\t\t\t\t\t<h5 class=\"elementor-heading-title elementor-size-default\">connectons-nous avec nous<\/h5>\t\t\t\t<\/div>\n\t\t\t\t<\/div>\n\t\t\t\t<div class=\"elementor-element elementor-element-43d0f4c elementor-button-align-stretch elementor-widget elementor-widget-form\" data-id=\"43d0f4c\" data-element_type=\"widget\" data-settings=\"{&quot;step_next_label&quot;:&quot;Next&quot;,&quot;step_previous_label&quot;:&quot;Previous&quot;,&quot;button_width&quot;:&quot;100&quot;,&quot;step_type&quot;:&quot;number_text&quot;,&quot;step_icon_shape&quot;:&quot;circle&quot;}\" data-widget_type=\"form.default\">\n\t\t\t\t<div class=\"elementor-widget-container\">\n\t\t\t\t\t\t\t<form class=\"elementor-form\" method=\"post\" name=\"New Form\" action=\"\">\n\t\t\t<input type=\"hidden\" name=\"post_id\" value=\"48\"\/>\n\t\t\t<input type=\"hidden\" name=\"form_id\" value=\"43d0f4c\"\/>\n\t\t\t<input type=\"hidden\" name=\"referer_title\" value=\"Contact\" \/>\n\n\t\t\t\t\t\t\t<input type=\"hidden\" name=\"queried_id\" value=\"48\"\/>\n\t\t\t\n\t\t\t<div class=\"elementor-form-fields-wrapper elementor-labels-\">\n\t\t\t\t\t\t\t\t<div class=\"elementor-field-type-text elementor-field-group elementor-column elementor-field-group-name elementor-col-100\">\n\t\t\t\t\t\t\t\t\t\t\t\t<label for=\"form-field-name\" class=\"elementor-field-label elementor-screen-only\">\n\t\t\t\t\t\t\t\tName\t\t\t\t\t\t\t<\/label>\n\t\t\t\t\t\t\t\t\t\t\t\t\t\t<input size=\"1\" type=\"text\" name=\"form_fields[name]\" id=\"form-field-name\" class=\"elementor-field elementor-size-lg  elementor-field-textual\" placeholder=\"Name\">\n\t\t\t\t\t\t\t\t\t\t\t<\/div>\n\t\t\t\t\t\t\t\t<div class=\"elementor-field-type-email elementor-field-group elementor-column elementor-field-group-email elementor-col-100 elementor-field-required\">\n\t\t\t\t\t\t\t\t\t\t\t\t<label for=\"form-field-email\" class=\"elementor-field-label elementor-screen-only\">\n\t\t\t\t\t\t\t\tEmail\t\t\t\t\t\t\t<\/label>\n\t\t\t\t\t\t\t\t\t\t\t\t\t\t<input size=\"1\" type=\"email\" name=\"form_fields[email]\" id=\"form-field-email\" class=\"elementor-field elementor-size-lg  elementor-field-textual\" placeholder=\"Email\" required=\"required\">\n\t\t\t\t\t\t\t\t\t\t\t<\/div>\n\t\t\t\t\t\t\t\t<div class=\"elementor-field-type-textarea elementor-field-group elementor-column elementor-field-group-message elementor-col-100\">\n\t\t\t\t\t\t\t\t\t\t\t\t<label for=\"form-field-message\" class=\"elementor-field-label elementor-screen-only\">\n\t\t\t\t\t\t\t\tMessage\t\t\t\t\t\t\t<\/label>\n\t\t\t\t\t\t<textarea class=\"elementor-field-textual elementor-field  elementor-size-lg\" name=\"form_fields[message]\" id=\"form-field-message\" rows=\"7\" placeholder=\"Message\"><\/textarea>\t\t\t\t<\/div>\n\t\t\t\t\t\t\t\t<div class=\"elementor-field-group elementor-column elementor-field-type-submit elementor-col-100 e-form__buttons\">\n\t\t\t\t\t<button class=\"elementor-button elementor-size-sm\" type=\"submit\">\n\t\t\t\t\t\t<span class=\"elementor-button-content-wrapper\">\n\t\t\t\t\t\t\t\t\t\t\t\t\t\t\t\t\t\t\t\t\t\t<span class=\"elementor-button-text\">Envoyer un message<\/span>\n\t\t\t\t\t\t\t\t\t\t\t\t\t<\/span>\n\t\t\t\t\t<\/button>\n\t\t\t\t<\/div>\n\t\t\t<\/div>\n\t\t<input type=\"hidden\" name=\"trp-form-language\" value=\"fr\"\/><\/form>\n\t\t\t\t\t\t<\/div>\n\t\t\t\t<\/div>\n\t\t\t\t<\/div>\n\t\t\t\t<\/div>\n\t\t\t\t\t<\/div>\n\t\t\t\t<\/div>\n\t\t<div class=\"elementor-element elementor-element-2fd2c18 e-flex e-con-boxed e-con e-parent\" data-id=\"2fd2c18\" data-element_type=\"container\">\n\t\t\t\t\t<div class=\"e-con-inner\">\n\t\t\t\t<div class=\"elementor-element elementor-element-795c90b elementor-widget elementor-widget-heading\" data-id=\"795c90b\" data-element_type=\"widget\" data-widget_type=\"heading.default\">\n\t\t\t\t<div class=\"elementor-widget-container\">\n\t\t\t\t\t<h2 class=\"elementor-heading-title elementor-size-default\">Documents \u00e0 fournir pour une demande de vente \u00e0 r\u00e9m\u00e9r\u00e9<\/h2>\t\t\t\t<\/div>\n\t\t\t\t<\/div>\n\t\t\t\t<div class=\"elementor-element elementor-element-0cbec0f elementor-widget__width-initial elementor-widget elementor-widget-text-editor\" data-id=\"0cbec0f\" data-element_type=\"widget\" data-widget_type=\"text-editor.default\">\n\t\t\t\t<div class=\"elementor-widget-container\">\n\t\t\t\t\t\t\t\t\t<p>Afin d\u2019\u00e9tudier votre dossier dans les meilleures conditions et vous proposer une solution rapide, s\u00e9curis\u00e9e et adapt\u00e9e \u00e0 votre situation, nous vous remercions de bien vouloir transmettre les documents suivants:<\/p>\t\t\t\t\t\t\t\t<\/div>\n\t\t\t\t<\/div>\n\t\t<div class=\"elementor-element elementor-element-d94c87c e-con-full e-flex e-con e-child\" data-id=\"d94c87c\" data-element_type=\"container\" data-settings=\"{&quot;background_background&quot;:&quot;classic&quot;}\">\n\t\t\t\t<div class=\"elementor-element elementor-element-84deb01 elementor-widget elementor-widget-shortcode\" data-id=\"84deb01\" data-element_type=\"widget\" data-widget_type=\"shortcode.default\">\n\t\t\t\t<div class=\"elementor-widget-container\">\n\t\t\t\t\t\t\t<div class=\"elementor-shortcode\"><form id=\"forminator-module-477\" class=\"forminator-custom-form forminator-custom-form-477\" method=\"post\" data-forminator-render=\"0\" data-uid=\"69fb5caa9aced\" action=\"\"><div role=\"alert\" aria-live=\"polite\" class=\"forminator-response-message forminator-error\" aria-hidden=\"true\"><\/div><input type=\"hidden\" name=\"trp-form-language\" value=\"fr\"\/><\/form><\/div>\n\t\t\t\t\t\t<\/div>\n\t\t\t\t<\/div>\n\t\t\t\t<\/div>\n\t\t\t\t<div class=\"elementor-element elementor-element-c6d321a elementor-widget elementor-widget-text-editor\" data-id=\"c6d321a\" data-element_type=\"widget\" data-widget_type=\"text-editor.default\">\n\t\t\t\t<div class=\"elementor-widget-container\">\n\t\t\t\t\t\t\t\t\t<p>Soumettre un dossier complet permet d\u2019acc\u00e9l\u00e9rer consid\u00e9rablement l\u2019\u00e9tude de votre situation et la mise en place d\u2019une solution. N\u2019h\u00e9sitez pas \u00e0 nous contacter en cas de doute sur un document ou pour toute assistance dans la constitution du dossier.<\/p>\t\t\t\t\t\t\t\t<\/div>\n\t\t\t\t<\/div>\n\t\t\t\t\t<\/div>\n\t\t\t\t<\/div>\n\t\t<div class=\"elementor-element elementor-element-5d6f7f55 e-con-full e-flex e-con e-parent\" data-id=\"5d6f7f55\" data-element_type=\"container\">\n\t\t\t\t<div class=\"elementor-element elementor-element-2ec3d390 elementor-widget elementor-widget-google_maps\" data-id=\"2ec3d390\" data-element_type=\"widget\" data-widget_type=\"google_maps.default\">\n\t\t\t\t<div class=\"elementor-widget-container\">\n\t\t\t\t\t\t\t<div class=\"elementor-custom-embed\">\n\t\t\t<iframe loading=\"lazy\"\n\t\t\t\t\tsrc=\"https:\/\/maps.google.com\/maps?q=24%20rue%20de%20l%E2%80%99%C3%A9cole%20%20L-4103%20Esch-sur-Alzette&#038;t=m&#038;z=15&#038;output=embed&#038;iwloc=near\"\n\t\t\t\t\ttitle=\"24 rue de l\u2019\u00e9cole  L-4103 Esch-sur-Alzette\"\n\t\t\t\t\taria-label=\"24 rue de l\u2019\u00e9cole  L-4103 Esch-sur-Alzette\"\n\t\t\t><\/iframe>\n\t\t<\/div>\n\t\t\t\t\t\t<\/div>\n\t\t\t\t<\/div>\n\t\t\t\t<\/div>\n\t\t\t\t<\/div>","protected":false},"excerpt":{"rendered":"<p>Contact Us Finostra Capital Finostra Capital Finostra Capital Finostra Capital Finostra Capital Finostra Capital Finostra Capital Finostra Capital Finostra Capital Finostra Capital Don&#8217;t Hesitate To Contact Finostra Capital email address contact@finostra-capital.eu our location 24 rue de l\u2019\u00e9cole L-4103 Esch-sur-Alzette get in touch we Ready To Help You let&#8217;s connect with us Documents Required for a [&hellip;]<\/p>","protected":false},"author":2,"featured_media":0,"parent":0,"menu_order":0,"comment_status":"closed","ping_status":"closed","template":"elementor_header_footer","meta":{"footnotes":""},"class_list":["post-48","page","type-page","status-publish","hentry"],"_links":{"self":[{"href":"https:\/\/www.finostra-capital.eu\/fr\/wp-json\/wp\/v2\/pages\/48","targetHints":{"allow":["GET"]}}],"collection":[{"href":"https:\/\/www.finostra-capital.eu\/fr\/wp-json\/wp\/v2\/pages"}],"about":[{"href":"https:\/\/www.finostra-capital.eu\/fr\/wp-json\/wp\/v2\/types\/page"}],"author":[{"embeddable":true,"href":"https:\/\/www.finostra-capital.eu\/fr\/wp-json\/wp\/v2\/users\/2"}],"replies":[{"embeddable":true,"href":"https:\/\/www.finostra-capital.eu\/fr\/wp-json\/wp\/v2\/comments?post=48"}],"version-history":[{"count":5,"href":"https:\/\/www.finostra-capital.eu\/fr\/wp-json\/wp\/v2\/pages\/48\/revisions"}],"predecessor-version":[{"id":517,"href":"https:\/\/www.finostra-capital.eu\/fr\/wp-json\/wp\/v2\/pages\/48\/revisions\/517"}],"wp:attachment":[{"href":"https:\/\/www.finostra-capital.eu\/fr\/wp-json\/wp\/v2\/media?parent=48"}],"curies":[{"name":"wp","href":"https:\/\/api.w.org\/{rel}","templated":true}]}}